{"id":1032,"date":"2022-10-13T19:56:35","date_gmt":"2022-10-13T17:56:35","guid":{"rendered":"https:\/\/carlena.fr\/?post_type=product&#038;p=1032"},"modified":"2022-10-14T13:26:54","modified_gmt":"2022-10-14T11:26:54","slug":"lina-gold","status":"publish","type":"product","link":"https:\/\/carlena.fr\/?product=lina-gold","title":{"rendered":"LINA GOLD"},"content":{"rendered":"<p>BRACELET LINA GOLD<\/p>\n<ul>\n<li>Dimensions XS : L 17 x H 1,2 cm<\/li>\n<li>Dimensions S : L 18 x H 1,2 cm<\/li>\n<li>Dimensions M : L 19 x H 1,2 cm<\/li>\n<li>Dimensions L : L 20 x H 1,2 cm<\/li>\n<li>Dimensions XL : L 21 x H 1,2 cm<\/li>\n<li>Cuir d&#8217;agneau<\/li>\n<li>Fermoir : rivet en laiton<\/li>\n<li>Produit fabriqu\u00e9 en France<\/li>\n<li>Enti\u00e8rement con\u00e7u \u00e0 la main<\/li>\n<\/ul>\n","protected":false},"excerpt":{"rendered":"<p>BRACELET LINA GOLD<\/p>\n<p>Cuir d&#8217;agneau<\/p>\n","protected":false},"featured_media":1015,"comment_status":"open","ping_status":"closed","template":"","meta":{"rank_math_lock_modified_date":false},"product_brand":[],"product_cat":[35],"product_tag":[],"class_list":{"0":"post-1032","1":"product","2":"type-product","3":"status-publish","4":"has-post-thumbnail","6":"product_cat-bracelets","7":"latest_post","9":"first","10":"instock","11":"shipping-taxable","12":"purchasable","13":"product-type-variable","14":"has-default-attributes"},"jetpack_sharing_enabled":true,"_links":{"self":[{"href":"https:\/\/carlena.fr\/index.php?rest_route=\/wp\/v2\/product\/1032"}],"collection":[{"href":"https:\/\/carlena.fr\/index.php?rest_route=\/wp\/v2\/product"}],"about":[{"href":"https:\/\/carlena.fr\/index.php?rest_route=\/wp\/v2\/types\/product"}],"replies":[{"embeddable":true,"href":"https:\/\/carlena.fr\/index.php?rest_route=%2Fwp%2Fv2%2Fcomments&post=1032"}],"wp:featuredmedia":[{"embeddable":true,"href":"https:\/\/carlena.fr\/index.php?rest_route=\/wp\/v2\/media\/1015"}],"wp:attachment":[{"href":"https:\/\/carlena.fr\/index.php?rest_route=%2Fwp%2Fv2%2Fmedia&parent=1032"}],"wp:term":[{"taxonomy":"product_brand","embeddable":true,"href":"https:\/\/carlena.fr\/index.php?rest_route=%2Fwp%2Fv2%2Fproduct_brand&post=1032"},{"taxonomy":"product_cat","embeddable":true,"href":"https:\/\/carlena.fr\/index.php?rest_route=%2Fwp%2Fv2%2Fproduct_cat&post=1032"},{"taxonomy":"product_tag","embeddable":true,"href":"https:\/\/carlena.fr\/index.php?rest_route=%2Fwp%2Fv2%2Fproduct_tag&post=1032"}],"curies":[{"name":"wp","href":"https:\/\/api.w.org\/{rel}","templated":true}]}}