{"id":1339,"date":"2023-04-13T16:48:50","date_gmt":"2023-04-13T14:48:50","guid":{"rendered":"https:\/\/carlena.fr\/?post_type=product&#038;p=1339"},"modified":"2025-06-26T16:57:55","modified_gmt":"2025-06-26T14:57:55","slug":"alya-rouge","status":"publish","type":"product","link":"https:\/\/carlena.fr\/?product=alya-rouge","title":{"rendered":"ALYA ROUGE"},"content":{"rendered":"<p>CEINTURE ALYA ROUGE<\/p>\n<ul>\n<li>Cuir de vachette lisse<\/li>\n<li>Largeur 3cm<\/li>\n<li>Finition de tranche rouge<\/li>\n<li>Bijou en zamac et acier<\/li>\n<li>Produit fabriqu\u00e9 en France<\/li>\n<li>Enti\u00e8rement con\u00e7u \u00e0 la main<\/li>\n<\/ul>\n","protected":false},"excerpt":{"rendered":"<p><span data-olk-copy-source=\"MessageBody\">Vive et \u00e9l\u00e9gante, la ceinture ALYA rouge r\u00e9veille vos looks en toute subtilit\u00e9. Cuir de vachette lisse, fabrication fran\u00e7aise, et boucle au choix pour un style affirm\u00e9<\/span><\/p>\n","protected":false},"featured_media":1328,"comment_status":"open","ping_status":"closed","template":"","meta":{"rank_math_lock_modified_date":false},"product_brand":[],"product_cat":[38],"product_tag":[],"class_list":{"0":"post-1339","1":"product","2":"type-product","3":"status-publish","4":"has-post-thumbnail","6":"product_cat-ceintures","7":"latest_post","9":"first","10":"instock","11":"shipping-taxable","12":"purchasable","13":"product-type-variable"},"jetpack_sharing_enabled":true,"_links":{"self":[{"href":"https:\/\/carlena.fr\/index.php?rest_route=\/wp\/v2\/product\/1339"}],"collection":[{"href":"https:\/\/carlena.fr\/index.php?rest_route=\/wp\/v2\/product"}],"about":[{"href":"https:\/\/carlena.fr\/index.php?rest_route=\/wp\/v2\/types\/product"}],"replies":[{"embeddable":true,"href":"https:\/\/carlena.fr\/index.php?rest_route=%2Fwp%2Fv2%2Fcomments&post=1339"}],"wp:featuredmedia":[{"embeddable":true,"href":"https:\/\/carlena.fr\/index.php?rest_route=\/wp\/v2\/media\/1328"}],"wp:attachment":[{"href":"https:\/\/carlena.fr\/index.php?rest_route=%2Fwp%2Fv2%2Fmedia&parent=1339"}],"wp:term":[{"taxonomy":"product_brand","embeddable":true,"href":"https:\/\/carlena.fr\/index.php?rest_route=%2Fwp%2Fv2%2Fproduct_brand&post=1339"},{"taxonomy":"product_cat","embeddable":true,"href":"https:\/\/carlena.fr\/index.php?rest_route=%2Fwp%2Fv2%2Fproduct_cat&post=1339"},{"taxonomy":"product_tag","embeddable":true,"href":"https:\/\/carlena.fr\/index.php?rest_route=%2Fwp%2Fv2%2Fproduct_tag&post=1339"}],"curies":[{"name":"wp","href":"https:\/\/api.w.org\/{rel}","templated":true}]}}