{"id":1407,"date":"2023-07-02T18:01:09","date_gmt":"2023-07-02T16:01:09","guid":{"rendered":"https:\/\/carlena.fr\/?post_type=product&#038;p=1407"},"modified":"2025-06-26T16:26:03","modified_gmt":"2025-06-26T14:26:03","slug":"anna-rouge-corail-serie-limitee","status":"publish","type":"product","link":"https:\/\/carlena.fr\/?product=anna-rouge-corail-serie-limitee","title":{"rendered":"ANNA ROUGE CORAIL (S\u00e9rie limit\u00e9e)"},"content":{"rendered":"<p>SAC ANNA ROUGE CORAIL PETIT MODEL<\/p>\n<p>S\u00e9rie limit\u00e9e, seulement 4 mod\u00e8les disponibles.<\/p>\n<ul>\n<li>Dimensions : L 22 x H 19 cm x l 7 cm<\/li>\n<li>Cuir de veau lisse<\/li>\n<li>Doublure tissus<\/li>\n<li>Poche avant<\/li>\n<li>Longueur minimale de la bandouli\u00e8re \u00a0: 93 cm<\/li>\n<li>Longueur maximale de la bandouli\u00e8re : 106 cm<\/li>\n<li>Finition de tranche rouge corail<\/li>\n<li>Fermeture : pression magn\u00e9tique<\/li>\n<li>Produit fabriqu\u00e9 en France<\/li>\n<li>Enti\u00e8rement con\u00e7u \u00e0 la main<\/li>\n<\/ul>\n","protected":false},"excerpt":{"rendered":"<p><span data-olk-copy-source=\"MessageBody\">P\u00e9tillant et f\u00e9minin, le sac ANNA rouge corail donne du relief \u00e0 vos tenues. Un cuir \u00e9clatant pour une allure pleine de fra\u00eecheur et d\u2019assurance<\/span> (S\u00e9rie limit\u00e9e, seulement 4 mod\u00e8les disponibles.)<\/p>\n","protected":false},"featured_media":1400,"comment_status":"open","ping_status":"closed","template":"","meta":{"rank_math_lock_modified_date":false},"product_brand":[],"product_cat":[26],"product_tag":[],"class_list":{"0":"post-1407","1":"product","2":"type-product","3":"status-publish","4":"has-post-thumbnail","6":"product_cat-sacs","7":"latest_post","9":"first","10":"outofstock","11":"shipping-taxable","12":"purchasable","13":"product-type-simple"},"jetpack_sharing_enabled":true,"_links":{"self":[{"href":"https:\/\/carlena.fr\/index.php?rest_route=\/wp\/v2\/product\/1407"}],"collection":[{"href":"https:\/\/carlena.fr\/index.php?rest_route=\/wp\/v2\/product"}],"about":[{"href":"https:\/\/carlena.fr\/index.php?rest_route=\/wp\/v2\/types\/product"}],"replies":[{"embeddable":true,"href":"https:\/\/carlena.fr\/index.php?rest_route=%2Fwp%2Fv2%2Fcomments&post=1407"}],"wp:featuredmedia":[{"embeddable":true,"href":"https:\/\/carlena.fr\/index.php?rest_route=\/wp\/v2\/media\/1400"}],"wp:attachment":[{"href":"https:\/\/carlena.fr\/index.php?rest_route=%2Fwp%2Fv2%2Fmedia&parent=1407"}],"wp:term":[{"taxonomy":"product_brand","embeddable":true,"href":"https:\/\/carlena.fr\/index.php?rest_route=%2Fwp%2Fv2%2Fproduct_brand&post=1407"},{"taxonomy":"product_cat","embeddable":true,"href":"https:\/\/carlena.fr\/index.php?rest_route=%2Fwp%2Fv2%2Fproduct_cat&post=1407"},{"taxonomy":"product_tag","embeddable":true,"href":"https:\/\/carlena.fr\/index.php?rest_route=%2Fwp%2Fv2%2Fproduct_tag&post=1407"}],"curies":[{"name":"wp","href":"https:\/\/api.w.org\/{rel}","templated":true}]}}