{"id":1429,"date":"2023-09-20T09:10:24","date_gmt":"2023-09-20T07:10:24","guid":{"rendered":"https:\/\/carlena.fr\/?post_type=product&#038;p=1429"},"modified":"2025-06-26T16:23:34","modified_gmt":"2025-06-26T14:23:34","slug":"anna-pm-croco-marino","status":"publish","type":"product","link":"https:\/\/carlena.fr\/?product=anna-pm-croco-marino","title":{"rendered":"ANNA PM CROCO MARINO"},"content":{"rendered":"<p>SAC ANNA CROCO BLEU MARINE PETIT MODEL<\/p>\n<ul>\n<li>Dimensions : L 22 x H 19 cm x l 7 cm<\/li>\n<li>Cuir de vachette effet crocodile<\/li>\n<li>Doublure tissus<\/li>\n<li>Poche avant<\/li>\n<li>Poche int\u00e9rieur avec fermeture \u00e0 glissi\u00e8re<\/li>\n<li>Longueur minimale de la bandouli\u00e8re \u00a0: 93 cm<\/li>\n<li>Longueur maximale de la bandouli\u00e8re : 106 cm<\/li>\n<li>Finition bleu marine<\/li>\n<li>Fermeture : pression magn\u00e9tique<\/li>\n<li>Produit fabriqu\u00e9 en France<\/li>\n<li>Enti\u00e8rement con\u00e7u \u00e0 la main<\/li>\n<\/ul>\n","protected":false},"excerpt":{"rendered":"<p><span data-olk-copy-source=\"MessageBody\">Le sac ANNA Marino s\u00e9duit par son cuir croco bleu profond et sa silhouette structur\u00e9e. Un sac fort et sophistiqu\u00e9, \u00e0 adopter en toute saison <\/span>(les tons de cuirs sont susceptibles de changer)<\/p>\n","protected":false},"featured_media":1433,"comment_status":"open","ping_status":"closed","template":"","meta":{"rank_math_lock_modified_date":false},"product_brand":[],"product_cat":[26],"product_tag":[],"class_list":{"0":"post-1429","1":"product","2":"type-product","3":"status-publish","4":"has-post-thumbnail","6":"product_cat-sacs","7":"latest_post","9":"first","10":"instock","11":"shipping-taxable","12":"purchasable","13":"product-type-simple"},"jetpack_sharing_enabled":true,"_links":{"self":[{"href":"https:\/\/carlena.fr\/index.php?rest_route=\/wp\/v2\/product\/1429"}],"collection":[{"href":"https:\/\/carlena.fr\/index.php?rest_route=\/wp\/v2\/product"}],"about":[{"href":"https:\/\/carlena.fr\/index.php?rest_route=\/wp\/v2\/types\/product"}],"replies":[{"embeddable":true,"href":"https:\/\/carlena.fr\/index.php?rest_route=%2Fwp%2Fv2%2Fcomments&post=1429"}],"wp:featuredmedia":[{"embeddable":true,"href":"https:\/\/carlena.fr\/index.php?rest_route=\/wp\/v2\/media\/1433"}],"wp:attachment":[{"href":"https:\/\/carlena.fr\/index.php?rest_route=%2Fwp%2Fv2%2Fmedia&parent=1429"}],"wp:term":[{"taxonomy":"product_brand","embeddable":true,"href":"https:\/\/carlena.fr\/index.php?rest_route=%2Fwp%2Fv2%2Fproduct_brand&post=1429"},{"taxonomy":"product_cat","embeddable":true,"href":"https:\/\/carlena.fr\/index.php?rest_route=%2Fwp%2Fv2%2Fproduct_cat&post=1429"},{"taxonomy":"product_tag","embeddable":true,"href":"https:\/\/carlena.fr\/index.php?rest_route=%2Fwp%2Fv2%2Fproduct_tag&post=1429"}],"curies":[{"name":"wp","href":"https:\/\/api.w.org\/{rel}","templated":true}]}}