{"id":1430,"date":"2023-09-20T09:14:18","date_gmt":"2023-09-20T07:14:18","guid":{"rendered":"https:\/\/carlena.fr\/?post_type=product&#038;p=1430"},"modified":"2025-06-26T16:22:35","modified_gmt":"2025-06-26T14:22:35","slug":"anna-pm-croco-marron","status":"publish","type":"product","link":"https:\/\/carlena.fr\/?product=anna-pm-croco-marron","title":{"rendered":"ANNA PM CROCO MARRON"},"content":{"rendered":"<p>SAC ANNA CROCO MARRON PETIT MODEL<\/p>\n<ul>\n<li>Dimensions : L 22 x H 19 cm x l 7 cm<\/li>\n<li>Cuir de vachette effet crocodile<\/li>\n<li>Doublure tissus<\/li>\n<li>Poche avant<\/li>\n<li>Poche int\u00e9rieur avec fermeture \u00e0 glissi\u00e8re<\/li>\n<li>Longueur minimale de la bandouli\u00e8re \u00a0: 93 cm<\/li>\n<li>Longueur maximale de la bandouli\u00e8re : 106 cm<\/li>\n<li>Finition marron<\/li>\n<li>Fermeture : pression magn\u00e9tique<\/li>\n<li>Produit fabriqu\u00e9 en France<\/li>\n<li>Enti\u00e8rement con\u00e7u \u00e0 la main<\/li>\n<\/ul>\n","protected":false},"excerpt":{"rendered":"<p><span data-olk-copy-source=\"MessageBody\">Chic et affirm\u00e9, le sac ANNA marron allie profondeur de teinte et texture croco. Un accessoire puissant pour souligner un style raffin\u00e9<\/span>( les tons de cuirs sont susceptibles de changer)<\/p>\n","protected":false},"featured_media":1431,"comment_status":"open","ping_status":"closed","template":"","meta":{"rank_math_lock_modified_date":false},"product_brand":[],"product_cat":[26],"product_tag":[],"class_list":{"0":"post-1430","1":"product","2":"type-product","3":"status-publish","4":"has-post-thumbnail","6":"product_cat-sacs","7":"latest_post","9":"first","10":"instock","11":"shipping-taxable","12":"purchasable","13":"product-type-simple"},"jetpack_sharing_enabled":true,"_links":{"self":[{"href":"https:\/\/carlena.fr\/index.php?rest_route=\/wp\/v2\/product\/1430"}],"collection":[{"href":"https:\/\/carlena.fr\/index.php?rest_route=\/wp\/v2\/product"}],"about":[{"href":"https:\/\/carlena.fr\/index.php?rest_route=\/wp\/v2\/types\/product"}],"replies":[{"embeddable":true,"href":"https:\/\/carlena.fr\/index.php?rest_route=%2Fwp%2Fv2%2Fcomments&post=1430"}],"wp:featuredmedia":[{"embeddable":true,"href":"https:\/\/carlena.fr\/index.php?rest_route=\/wp\/v2\/media\/1431"}],"wp:attachment":[{"href":"https:\/\/carlena.fr\/index.php?rest_route=%2Fwp%2Fv2%2Fmedia&parent=1430"}],"wp:term":[{"taxonomy":"product_brand","embeddable":true,"href":"https:\/\/carlena.fr\/index.php?rest_route=%2Fwp%2Fv2%2Fproduct_brand&post=1430"},{"taxonomy":"product_cat","embeddable":true,"href":"https:\/\/carlena.fr\/index.php?rest_route=%2Fwp%2Fv2%2Fproduct_cat&post=1430"},{"taxonomy":"product_tag","embeddable":true,"href":"https:\/\/carlena.fr\/index.php?rest_route=%2Fwp%2Fv2%2Fproduct_tag&post=1430"}],"curies":[{"name":"wp","href":"https:\/\/api.w.org\/{rel}","templated":true}]}}