{"id":1443,"date":"2023-09-26T20:32:10","date_gmt":"2023-09-26T18:32:10","guid":{"rendered":"https:\/\/carlena.fr\/?post_type=product&#038;p=1443"},"modified":"2025-06-26T16:42:58","modified_gmt":"2025-06-26T14:42:58","slug":"laura-gold-croco","status":"publish","type":"product","link":"https:\/\/carlena.fr\/?product=laura-gold-croco","title":{"rendered":"LAURA GOLD CROCO"},"content":{"rendered":"<p>POCHETTE LAURA GOLD CROCO<\/p>\n<ul>\n<li>Dimensions : L 22 x H 14 x l 3,5<\/li>\n<li>Cuir de vachette<\/li>\n<li>Doublure tissus<\/li>\n<li>Longueur minimale de la bandouli\u00e8re \u00a0: 93 cm<\/li>\n<li>Longueur maximale de la bandouli\u00e8re : 106 cm<\/li>\n<li>Finition beige<\/li>\n<li>Fermeture : boucle en zamak<\/li>\n<li>Produit fabriqu\u00e9 en France<\/li>\n<li>Enti\u00e8rement con\u00e7u \u00e0 la main<\/li>\n<\/ul>\n","protected":false},"excerpt":{"rendered":"<p><span data-olk-copy-source=\"MessageBody\">Audacieuse et pr\u00e9cieuse, la pochette gold effet croco sublime votre allure d\u2019une brillance ma\u00eetris\u00e9e. L\u2019accessoire parfait pour vos soir\u00e9es \u00e9l\u00e9gantes<\/span><\/p>\n","protected":false},"featured_media":1567,"comment_status":"open","ping_status":"closed","template":"","meta":{"rank_math_lock_modified_date":false},"product_brand":[],"product_cat":[26],"product_tag":[],"class_list":{"0":"post-1443","1":"product","2":"type-product","3":"status-publish","4":"has-post-thumbnail","6":"product_cat-sacs","7":"latest_post","9":"first","10":"instock","11":"shipping-taxable","12":"purchasable","13":"product-type-simple"},"jetpack_sharing_enabled":true,"_links":{"self":[{"href":"https:\/\/carlena.fr\/index.php?rest_route=\/wp\/v2\/product\/1443"}],"collection":[{"href":"https:\/\/carlena.fr\/index.php?rest_route=\/wp\/v2\/product"}],"about":[{"href":"https:\/\/carlena.fr\/index.php?rest_route=\/wp\/v2\/types\/product"}],"replies":[{"embeddable":true,"href":"https:\/\/carlena.fr\/index.php?rest_route=%2Fwp%2Fv2%2Fcomments&post=1443"}],"wp:featuredmedia":[{"embeddable":true,"href":"https:\/\/carlena.fr\/index.php?rest_route=\/wp\/v2\/media\/1567"}],"wp:attachment":[{"href":"https:\/\/carlena.fr\/index.php?rest_route=%2Fwp%2Fv2%2Fmedia&parent=1443"}],"wp:term":[{"taxonomy":"product_brand","embeddable":true,"href":"https:\/\/carlena.fr\/index.php?rest_route=%2Fwp%2Fv2%2Fproduct_brand&post=1443"},{"taxonomy":"product_cat","embeddable":true,"href":"https:\/\/carlena.fr\/index.php?rest_route=%2Fwp%2Fv2%2Fproduct_cat&post=1443"},{"taxonomy":"product_tag","embeddable":true,"href":"https:\/\/carlena.fr\/index.php?rest_route=%2Fwp%2Fv2%2Fproduct_tag&post=1443"}],"curies":[{"name":"wp","href":"https:\/\/api.w.org\/{rel}","templated":true}]}}