{"id":1598,"date":"2024-05-30T09:46:10","date_gmt":"2024-05-30T07:46:10","guid":{"rendered":"https:\/\/carlena.fr\/?post_type=product&#038;p=1598"},"modified":"2025-06-26T16:39:54","modified_gmt":"2025-06-26T14:39:54","slug":"laura-bleu-ciel","status":"publish","type":"product","link":"https:\/\/carlena.fr\/?product=laura-bleu-ciel","title":{"rendered":"LAURA BLEU CIEL"},"content":{"rendered":"<p>POCHETTE LAURA BLEU CIEL<\/p>\n<ul>\n<li>Dimensions : \u00a0L 22 x H 14 x l 3,5cm<\/li>\n<li>Cuir de vachette<\/li>\n<li>Doublure tissus<\/li>\n<li>Longueur minimale de la bandouli\u00e8re \u00a0: 93 cm<\/li>\n<li>Longueur maximale de la bandouli\u00e8re : 106 cm<\/li>\n<li>Finition bleu<\/li>\n<li>Fermeture : boucle en zamak<\/li>\n<li>Produit fabriqu\u00e9 en France<\/li>\n<li>Enti\u00e8rement con\u00e7u \u00e0 la main<\/li>\n<\/ul>\n","protected":false},"excerpt":{"rendered":"<p><span data-olk-copy-source=\"MessageBody\">Fra\u00eeche et lumineuse, la pochette bleu ciel apporte une touche de douceur \u00e0 vos tenues. Une nuance subtile qui \u00e9voque les beaux jours avec \u00e9l\u00e9gance<\/span><\/p>\n","protected":false},"featured_media":1599,"comment_status":"open","ping_status":"closed","template":"","meta":{"rank_math_lock_modified_date":false},"product_brand":[],"product_cat":[26],"product_tag":[],"class_list":{"0":"post-1598","1":"product","2":"type-product","3":"status-publish","4":"has-post-thumbnail","6":"product_cat-sacs","7":"latest_post","9":"first","10":"instock","11":"shipping-taxable","12":"purchasable","13":"product-type-simple"},"jetpack_sharing_enabled":true,"_links":{"self":[{"href":"https:\/\/carlena.fr\/index.php?rest_route=\/wp\/v2\/product\/1598"}],"collection":[{"href":"https:\/\/carlena.fr\/index.php?rest_route=\/wp\/v2\/product"}],"about":[{"href":"https:\/\/carlena.fr\/index.php?rest_route=\/wp\/v2\/types\/product"}],"replies":[{"embeddable":true,"href":"https:\/\/carlena.fr\/index.php?rest_route=%2Fwp%2Fv2%2Fcomments&post=1598"}],"wp:featuredmedia":[{"embeddable":true,"href":"https:\/\/carlena.fr\/index.php?rest_route=\/wp\/v2\/media\/1599"}],"wp:attachment":[{"href":"https:\/\/carlena.fr\/index.php?rest_route=%2Fwp%2Fv2%2Fmedia&parent=1598"}],"wp:term":[{"taxonomy":"product_brand","embeddable":true,"href":"https:\/\/carlena.fr\/index.php?rest_route=%2Fwp%2Fv2%2Fproduct_brand&post=1598"},{"taxonomy":"product_cat","embeddable":true,"href":"https:\/\/carlena.fr\/index.php?rest_route=%2Fwp%2Fv2%2Fproduct_cat&post=1598"},{"taxonomy":"product_tag","embeddable":true,"href":"https:\/\/carlena.fr\/index.php?rest_route=%2Fwp%2Fv2%2Fproduct_tag&post=1598"}],"curies":[{"name":"wp","href":"https:\/\/api.w.org\/{rel}","templated":true}]}}