{"id":1749,"date":"2024-12-06T20:38:22","date_gmt":"2024-12-06T19:38:22","guid":{"rendered":"https:\/\/carlena.fr\/?post_type=product&#038;p=1749"},"modified":"2024-12-06T20:42:42","modified_gmt":"2024-12-06T19:42:42","slug":"ema-orange-brillant","status":"publish","type":"product","link":"https:\/\/carlena.fr\/?product=ema-orange-brillant","title":{"rendered":"EMA ORANGE BRILLANT"},"content":{"rendered":"<p>VIDE POCHE EMA OR-ANGE<\/p>\n<ul>\n<li>Dimensions petit mod\u00e8le : 12x12cm<\/li>\n<li>Cuir d&#8217;agneau brillant (dessus) cuir veau orange (dessus)<\/li>\n<li><span style=\"color: var(--font-color); font-family: var(--primary-font);\">Finition de tranche orange<\/span><\/li>\n<li>Rivet en laiton<\/li>\n<li>Produit fabriqu\u00e9 en France<\/li>\n<li>Enti\u00e8rement con\u00e7u \u00e0 la main<\/li>\n<\/ul>\n","protected":false},"excerpt":{"rendered":"<p>VIDE POCHE EMA ORANGE BRILLANT<\/p>\n<p>Cuir d&#8217;agneau brillant (dessus) cuir veau orange (dessus)<\/p>\n","protected":false},"featured_media":1735,"comment_status":"open","ping_status":"closed","template":"","meta":{"rank_math_lock_modified_date":false},"product_brand":[],"product_cat":[28],"product_tag":[],"class_list":{"0":"post-1749","1":"product","2":"type-product","3":"status-publish","4":"has-post-thumbnail","6":"product_cat-http-carlena-fr-page_id63","7":"latest_post","9":"first","10":"instock","11":"shipping-taxable","12":"purchasable","13":"product-type-simple"},"jetpack_sharing_enabled":true,"_links":{"self":[{"href":"https:\/\/carlena.fr\/index.php?rest_route=\/wp\/v2\/product\/1749"}],"collection":[{"href":"https:\/\/carlena.fr\/index.php?rest_route=\/wp\/v2\/product"}],"about":[{"href":"https:\/\/carlena.fr\/index.php?rest_route=\/wp\/v2\/types\/product"}],"replies":[{"embeddable":true,"href":"https:\/\/carlena.fr\/index.php?rest_route=%2Fwp%2Fv2%2Fcomments&post=1749"}],"wp:featuredmedia":[{"embeddable":true,"href":"https:\/\/carlena.fr\/index.php?rest_route=\/wp\/v2\/media\/1735"}],"wp:attachment":[{"href":"https:\/\/carlena.fr\/index.php?rest_route=%2Fwp%2Fv2%2Fmedia&parent=1749"}],"wp:term":[{"taxonomy":"product_brand","embeddable":true,"href":"https:\/\/carlena.fr\/index.php?rest_route=%2Fwp%2Fv2%2Fproduct_brand&post=1749"},{"taxonomy":"product_cat","embeddable":true,"href":"https:\/\/carlena.fr\/index.php?rest_route=%2Fwp%2Fv2%2Fproduct_cat&post=1749"},{"taxonomy":"product_tag","embeddable":true,"href":"https:\/\/carlena.fr\/index.php?rest_route=%2Fwp%2Fv2%2Fproduct_tag&post=1749"}],"curies":[{"name":"wp","href":"https:\/\/api.w.org\/{rel}","templated":true}]}}