{"id":1884,"date":"2024-12-09T16:48:35","date_gmt":"2024-12-09T15:48:35","guid":{"rendered":"https:\/\/carlena.fr\/?post_type=product&#038;p=1884"},"modified":"2024-12-09T16:54:07","modified_gmt":"2024-12-09T15:54:07","slug":"lyriana-gm-precommande-colori-au-choix","status":"publish","type":"product","link":"https:\/\/carlena.fr\/?product=lyriana-gm-precommande-colori-au-choix","title":{"rendered":"LYRIANA GM PRECOMMANDE COLORI AU CHOIX"},"content":{"rendered":"<p>LYRIANA PRECOMMANDE COLORI AU CHOIX<\/p>\n<p>6 coloris au choix en cuir grain\u00e9<\/p>\n<p>Etape 1 : choisissez votre couleur de cuir<\/p>\n<p>Etape 2 : Passer commande<\/p>\n<p>Etape 3 : vous recevrez un mail pour choisir votre coloris d&#8217;ensemble de poign\u00e9es interchangeables offert.<\/p>\n<p>Etape 4 : r\u00e9ception du sac en Janvier (ce d\u00e9lais est d\u00fb aux f\u00eates de fin d&#8217;ann\u00e9es, merci de votre compr\u00e9hension.)<\/p>\n<p>Pour toutes questions vous pouvez me contacter au 0612221985 ou \u00e0 contact@carlena.fr<\/p>\n<ul>\n<li>Dimensions :<\/li>\n<li>Cuir TAURILLON grain\u00e9<\/li>\n<li>Poign\u00e9es interchangeables<\/li>\n<li>Doublure tissus<\/li>\n<li>3 Poches int\u00e9rieurs<\/li>\n<li>Hanse port\u00e9 \u00e9paule<\/li>\n<li>Fermeture : pression magn\u00e9tique<\/li>\n<li>Produit fabriqu\u00e9 en France<\/li>\n<li>Enti\u00e8rement con\u00e7u \u00e0 la main<\/li>\n<\/ul>\n","protected":false},"excerpt":{"rendered":"<p>LYRIANA GM PRECOMMANDE COLORI AU CHOIX<\/p>\n<p>6 coloris au choix en cuir grain\u00e9 (cuir noir lisse sur la photo)<\/p>\n<p>Etape 1 : choisissez votre couleur de cuir<\/p>\n<p>Etape 2 : Passer commande<\/p>\n<p>Etape 3 : vous recevrez un mail pour choisir votre coloris d&#8217;ensemble de poign\u00e9es interchangeables offert.<\/p>\n<p>Etape 4 : r\u00e9ception du sac en Janvier (ce d\u00e9lais est d\u00fb aux f\u00eates de fin d&#8217;ann\u00e9es, merci de votre compr\u00e9hension.)<\/p>\n<p>Pour toutes questions vous pouvez me contacter au 0612221985 ou \u00e0 contact@carlena.fr<\/p>\n<p>Dimensions :<\/p>\n<p>&nbsp;<\/p>\n","protected":false},"featured_media":1891,"comment_status":"open","ping_status":"closed","template":"","meta":{"rank_math_lock_modified_date":false},"product_brand":[],"product_cat":[26],"product_tag":[],"class_list":{"0":"post-1884","1":"product","2":"type-product","3":"status-publish","4":"has-post-thumbnail","6":"product_cat-sacs","7":"latest_post","9":"first","10":"instock","11":"shipping-taxable","12":"purchasable","13":"product-type-variable"},"jetpack_sharing_enabled":true,"_links":{"self":[{"href":"https:\/\/carlena.fr\/index.php?rest_route=\/wp\/v2\/product\/1884"}],"collection":[{"href":"https:\/\/carlena.fr\/index.php?rest_route=\/wp\/v2\/product"}],"about":[{"href":"https:\/\/carlena.fr\/index.php?rest_route=\/wp\/v2\/types\/product"}],"replies":[{"embeddable":true,"href":"https:\/\/carlena.fr\/index.php?rest_route=%2Fwp%2Fv2%2Fcomments&post=1884"}],"wp:featuredmedia":[{"embeddable":true,"href":"https:\/\/carlena.fr\/index.php?rest_route=\/wp\/v2\/media\/1891"}],"wp:attachment":[{"href":"https:\/\/carlena.fr\/index.php?rest_route=%2Fwp%2Fv2%2Fmedia&parent=1884"}],"wp:term":[{"taxonomy":"product_brand","embeddable":true,"href":"https:\/\/carlena.fr\/index.php?rest_route=%2Fwp%2Fv2%2Fproduct_brand&post=1884"},{"taxonomy":"product_cat","embeddable":true,"href":"https:\/\/carlena.fr\/index.php?rest_route=%2Fwp%2Fv2%2Fproduct_cat&post=1884"},{"taxonomy":"product_tag","embeddable":true,"href":"https:\/\/carlena.fr\/index.php?rest_route=%2Fwp%2Fv2%2Fproduct_tag&post=1884"}],"curies":[{"name":"wp","href":"https:\/\/api.w.org\/{rel}","templated":true}]}}