{"id":269,"date":"2022-08-30T11:26:52","date_gmt":"2022-08-30T09:26:52","guid":{"rendered":"http:\/\/carlena.fr\/?post_type=product&#038;p=269"},"modified":"2024-06-26T08:29:49","modified_gmt":"2024-06-26T06:29:49","slug":"amina-blanc-shinning","status":"publish","type":"product","link":"https:\/\/carlena.fr\/?product=amina-blanc-shinning","title":{"rendered":"AMINA BLANC SHINING"},"content":{"rendered":"<p>PORTE-CARTES AMINA BLANC SHINING<\/p>\n<ul>\n<li>Dimensions : L 9,5 x 6,5<\/li>\n<li>Cuir d\u2019agneau<\/li>\n<li>Doublure tissu beige<\/li>\n<li>Bijou r\u00e9sine epoxy et feuille d\u2019or<\/li>\n<li>Finition de tranche blanche<\/li>\n<li>Deux compartiments pour cartes (possibilit\u00e9 de mettre plusieurs cartes dans le second compartiment)<\/li>\n<li>Produit fabriqu\u00e9 en France<\/li>\n<li>Enti\u00e8rement con\u00e7u \u00e0 la main<\/li>\n<\/ul>\n","protected":false},"excerpt":{"rendered":"<p>PORTE-CARTES AMINA BLANC SHINING<\/p>\n<p>En cuir d\u2019agneau<\/p>\n<p>Dimensions : L 9,5 x H 6,5 cm<\/p>\n","protected":false},"featured_media":297,"comment_status":"open","ping_status":"closed","template":"","meta":{"rank_math_lock_modified_date":false},"product_brand":[],"product_cat":[24],"product_tag":[],"class_list":{"0":"post-269","1":"product","2":"type-product","3":"status-publish","4":"has-post-thumbnail","6":"product_cat-porte-cartes","7":"latest_post","9":"first","10":"instock","11":"sale","12":"shipping-taxable","13":"purchasable","14":"product-type-simple"},"jetpack_sharing_enabled":true,"_links":{"self":[{"href":"https:\/\/carlena.fr\/index.php?rest_route=\/wp\/v2\/product\/269"}],"collection":[{"href":"https:\/\/carlena.fr\/index.php?rest_route=\/wp\/v2\/product"}],"about":[{"href":"https:\/\/carlena.fr\/index.php?rest_route=\/wp\/v2\/types\/product"}],"replies":[{"embeddable":true,"href":"https:\/\/carlena.fr\/index.php?rest_route=%2Fwp%2Fv2%2Fcomments&post=269"}],"wp:featuredmedia":[{"embeddable":true,"href":"https:\/\/carlena.fr\/index.php?rest_route=\/wp\/v2\/media\/297"}],"wp:attachment":[{"href":"https:\/\/carlena.fr\/index.php?rest_route=%2Fwp%2Fv2%2Fmedia&parent=269"}],"wp:term":[{"taxonomy":"product_brand","embeddable":true,"href":"https:\/\/carlena.fr\/index.php?rest_route=%2Fwp%2Fv2%2Fproduct_brand&post=269"},{"taxonomy":"product_cat","embeddable":true,"href":"https:\/\/carlena.fr\/index.php?rest_route=%2Fwp%2Fv2%2Fproduct_cat&post=269"},{"taxonomy":"product_tag","embeddable":true,"href":"https:\/\/carlena.fr\/index.php?rest_route=%2Fwp%2Fv2%2Fproduct_tag&post=269"}],"curies":[{"name":"wp","href":"https:\/\/api.w.org\/{rel}","templated":true}]}}