{"id":301,"date":"2022-09-02T16:21:21","date_gmt":"2022-09-02T14:21:21","guid":{"rendered":"https:\/\/carlena.fr\/?post_type=product&#038;p=301"},"modified":"2024-09-29T18:58:03","modified_gmt":"2024-09-29T16:58:03","slug":"celia-2","status":"publish","type":"product","link":"https:\/\/carlena.fr\/?product=celia-2","title":{"rendered":"CELIA VIEUX ROSE"},"content":{"rendered":"<p>PORTEFEUILLES CELIA VIEUX ROSE<\/p>\n<ul>\n<li>Dimensions : L 19 x H 11 cm<\/li>\n<li>Cuir de veau<\/li>\n<li>Doublure tissu noir<\/li>\n<li>Six fentes pour cartes<\/li>\n<li>Un compartiment zipp\u00e9 pour la monnaie<\/li>\n<li>Deux compartiments pour les billets<\/li>\n<li>Une poche avant pour billet, cartes, tickets<\/li>\n<li>Finition de tranche vieux rose<\/li>\n<li>Fermeture : pression m\u00e9tallique<\/li>\n<li>Produit fabriqu\u00e9 en France<\/li>\n<li>Enti\u00e8rement con\u00e7u \u00e0 la main<\/li>\n<\/ul>\n","protected":false},"excerpt":{"rendered":"<p>PORTEFEUILLES CELIA VIEUX ROSE<\/p>\n<p>Cuir de veau<\/p>\n<p>Dimensions : L 19 x H 11 cm<\/p>\n","protected":false},"featured_media":477,"comment_status":"open","ping_status":"closed","template":"","meta":{"rank_math_lock_modified_date":false},"product_brand":[],"product_cat":[29],"product_tag":[],"class_list":{"0":"post-301","1":"product","2":"type-product","3":"status-publish","4":"has-post-thumbnail","6":"product_cat-portefeuilles","7":"latest_post","9":"first","10":"instock","11":"shipping-taxable","12":"purchasable","13":"product-type-simple"},"jetpack_sharing_enabled":true,"_links":{"self":[{"href":"https:\/\/carlena.fr\/index.php?rest_route=\/wp\/v2\/product\/301"}],"collection":[{"href":"https:\/\/carlena.fr\/index.php?rest_route=\/wp\/v2\/product"}],"about":[{"href":"https:\/\/carlena.fr\/index.php?rest_route=\/wp\/v2\/types\/product"}],"replies":[{"embeddable":true,"href":"https:\/\/carlena.fr\/index.php?rest_route=%2Fwp%2Fv2%2Fcomments&post=301"}],"wp:featuredmedia":[{"embeddable":true,"href":"https:\/\/carlena.fr\/index.php?rest_route=\/wp\/v2\/media\/477"}],"wp:attachment":[{"href":"https:\/\/carlena.fr\/index.php?rest_route=%2Fwp%2Fv2%2Fmedia&parent=301"}],"wp:term":[{"taxonomy":"product_brand","embeddable":true,"href":"https:\/\/carlena.fr\/index.php?rest_route=%2Fwp%2Fv2%2Fproduct_brand&post=301"},{"taxonomy":"product_cat","embeddable":true,"href":"https:\/\/carlena.fr\/index.php?rest_route=%2Fwp%2Fv2%2Fproduct_cat&post=301"},{"taxonomy":"product_tag","embeddable":true,"href":"https:\/\/carlena.fr\/index.php?rest_route=%2Fwp%2Fv2%2Fproduct_tag&post=301"}],"curies":[{"name":"wp","href":"https:\/\/api.w.org\/{rel}","templated":true}]}}